{"id":31,"date":"2014-09-08T09:35:17","date_gmt":"2014-09-08T09:35:17","guid":{"rendered":"http:\/\/spirituelle-lebensschule.com\/?page_id=31"},"modified":"2020-07-12T13:40:11","modified_gmt":"2020-07-12T11:40:11","slug":"mein-spiritueller-werdegang","status":"publish","type":"page","link":"https:\/\/spirituelle-lebensschule.com\/?page_id=31","title":{"rendered":"Mein spiritueller Werdegang"},"content":{"rendered":"<p><span style=\"color: #000080;\">Im Jahr 1998 wurde ich durch bestimmte Lebensumst\u00e4nde an Reiki gef\u00fchrt, und erkannte,<\/span><\/p>\n<p><span style=\"color: #000080;\">dass Reiki und die Spiritualit\u00e4t mein Leben ver\u00e4ndert haben.&nbsp; <\/span><\/p>\n<p><span style=\"color: #333399;\">Das es immer mein Traum war,&nbsp;mit H\u00e4nden heilen zu k\u00f6nnen, <\/span><\/p>\n<p><span style=\"color: #333399;\">war Reiki&nbsp; f\u00fcr mich das Beste um als Kanal dienen zu d\u00fcrfen<\/span><\/p>\n<p><span style=\"color: #000080;\">und den Menschen zu helfen.<\/span><\/p>\n<p><span style=\"color: #000080;\"><a style=\"color: #000080;\" href=\"http:\/\/spirituelle-lebensschule.com\/wp-content\/uploads\/2014\/09\/himmelsleiter.jpg\"><img loading=\"lazy\" class=\"alignnone wp-image-95\" src=\"http:\/\/spirituelle-lebensschule.com\/wp-content\/uploads\/2014\/09\/himmelsleiter.jpg\" alt=\"himmelsleiter\" width=\"452\" height=\"414\" srcset=\"https:\/\/spirituelle-lebensschule.com\/wp-content\/uploads\/2014\/09\/himmelsleiter.jpg 624w, https:\/\/spirituelle-lebensschule.com\/wp-content\/uploads\/2014\/09\/himmelsleiter-300x274.jpg 300w\" sizes=\"(max-width: 452px) 100vw, 452px\" \/><\/a><\/span><\/p>\n<h5><em><span style=\"color: #000080;\">Seit 1998 nahm ich an folgenden Kursen und Seminaren teil:<\/span><\/em><\/h5>\n<p><span style=\"color: #000080;\">&nbsp;<\/span><\/p>\n<p><span style=\"color: #000080;\">Oktober 1998: &nbsp; &nbsp; &nbsp; &nbsp; &nbsp; &nbsp; &nbsp; &nbsp; &nbsp; &nbsp; &nbsp; &nbsp; &nbsp; &nbsp; &nbsp; &nbsp; &nbsp; &nbsp; &nbsp; I. Reiki Grad<\/span><\/p>\n<p><span style=\"color: #000080;\">Juli 1999: &nbsp; &nbsp; &nbsp; &nbsp; &nbsp; &nbsp; &nbsp; &nbsp; &nbsp; &nbsp; &nbsp; &nbsp; &nbsp; &nbsp; &nbsp; &nbsp; &nbsp; &nbsp; &nbsp; &nbsp; &nbsp; &nbsp; &nbsp; &nbsp;II. Reiki Grad<\/span><\/p>\n<p><span style=\"color: #000080;\">Oktober 2000: &nbsp; &nbsp; &nbsp; &nbsp; &nbsp; &nbsp; &nbsp; &nbsp; &nbsp; &nbsp; &nbsp; &nbsp; &nbsp; &nbsp; &nbsp; &nbsp; &nbsp; &nbsp; &nbsp;III. Reiki Grad = Meistergrad<\/span><\/p>\n<p><span style=\"color: #000080;\">September 2003: &nbsp; &nbsp; &nbsp; &nbsp; &nbsp; &nbsp; &nbsp; &nbsp; &nbsp; &nbsp; &nbsp; &nbsp; &nbsp; &nbsp; &nbsp; &nbsp;Einweihung Reiki \u2013 Lehrergrad<\/span><\/p>\n<p><span style=\"color: #000080;\">August 2004&nbsp;&nbsp;&nbsp;&nbsp;&nbsp;&nbsp;&nbsp;&nbsp;&nbsp;&nbsp;&nbsp;&nbsp;&nbsp;&nbsp;&nbsp;&nbsp;&nbsp;&nbsp;&nbsp;&nbsp;&nbsp;&nbsp;&nbsp;&nbsp;&nbsp;&nbsp;&nbsp;&nbsp;&nbsp;&nbsp;&nbsp;&nbsp;&nbsp;&nbsp;&nbsp;&nbsp;&nbsp;&nbsp;&nbsp; Ausbildung zum Parapsychologischen Helfer<\/span><\/p>\n<p><span style=\"color: #000080;\">&nbsp;&nbsp;&nbsp;&nbsp;&nbsp;&nbsp;&nbsp;&nbsp;&nbsp;&nbsp;&nbsp;&nbsp;&nbsp;&nbsp;&nbsp;&nbsp;&nbsp;&nbsp;&nbsp;&nbsp;&nbsp;&nbsp;&nbsp;&nbsp;&nbsp;&nbsp;&nbsp;&nbsp;&nbsp;&nbsp;&nbsp;&nbsp;&nbsp;&nbsp;&nbsp;&nbsp;&nbsp;&nbsp;&nbsp;&nbsp;&nbsp;&nbsp;&nbsp;&nbsp;&nbsp;&nbsp;&nbsp;&nbsp;&nbsp;&nbsp;&nbsp;&nbsp;&nbsp;&nbsp;&nbsp;&nbsp;&nbsp;&nbsp;&nbsp;&nbsp;&nbsp; ( Geisterj\u00e4ger und Exorzist)<\/span><\/p>\n<p><span style=\"color: #000080;\">1998 \u2013 2011: &nbsp; &nbsp; &nbsp; &nbsp; &nbsp; &nbsp; &nbsp; &nbsp; &nbsp; &nbsp; &nbsp; &nbsp; &nbsp; &nbsp; &nbsp; &nbsp; &nbsp; &nbsp; &nbsp; &nbsp; &nbsp;Lehrg\u00e4nge und Seminare in den Bereichen<\/span><\/p>\n<p style=\"padding-left: 210px;\"><span style=\"color: #000080;\">&nbsp; Quantenheilung,&nbsp;Heilung durch Kraft der Engel<\/span><\/p>\n<p style=\"padding-left: 210px;\"><span style=\"color: #000080;\">&nbsp; Ho\u00b4 oponopono&nbsp;und Aura sehen<\/span><\/p>\n<p><span style=\"color: #000080;\">Mai 2007: &nbsp; &nbsp; &nbsp; &nbsp; &nbsp; &nbsp; &nbsp; &nbsp; &nbsp; &nbsp; &nbsp; &nbsp; &nbsp; &nbsp; &nbsp; &nbsp; &nbsp; &nbsp; &nbsp; &nbsp; &nbsp; &nbsp; &nbsp; Hospiz-Mentor , Schwerpunkt&nbsp;Sterbebegleitung<\/span><\/p>\n<p><span style=\"color: #000080;\">Seit 2004: &nbsp; &nbsp; &nbsp; &nbsp; &nbsp; &nbsp; &nbsp; &nbsp; &nbsp; &nbsp; &nbsp; &nbsp; &nbsp; &nbsp; &nbsp; &nbsp; &nbsp; &nbsp; &nbsp; &nbsp; &nbsp; &nbsp; &nbsp;selbst\u00e4ndige Durchf\u00fchrung von Seminaren und<\/span><\/p>\n<p style=\"padding-left: 30px;\"><span style=\"color: #000080;\">&nbsp; &nbsp; &nbsp; &nbsp; &nbsp; &nbsp; &nbsp; &nbsp; &nbsp; &nbsp; &nbsp; &nbsp; &nbsp; &nbsp; &nbsp; &nbsp; &nbsp; &nbsp; &nbsp; &nbsp; &nbsp; &nbsp; &nbsp; &nbsp; &nbsp; &nbsp; &nbsp; &nbsp; &nbsp;Workshops und bin&nbsp;als Geistheiler t\u00e4tig<\/span><\/p>\n<p><span style=\"color: #000080;\">seit November 2005: &nbsp; &nbsp; &nbsp; &nbsp; &nbsp; &nbsp; &nbsp; &nbsp; &nbsp; &nbsp; &nbsp; &nbsp;Heiler-Pr\u00fcfung des Dachverbandes Geistiges&nbsp;Heilen&nbsp;(DGH)<\/span><\/p>\n<p><span style=\"color: #000080;\">seit Januar 2009: &nbsp; &nbsp; &nbsp; &nbsp; &nbsp; &nbsp; &nbsp; &nbsp; &nbsp; &nbsp; &nbsp; &nbsp; &nbsp; &nbsp; &nbsp; als R\u00fcckf\u00fchrungs-Therapeut t\u00e4tig<\/span><\/p>\n<p><span style=\"color: #000080;\">Juli 2011: &nbsp; &nbsp; &nbsp; &nbsp; &nbsp; &nbsp; &nbsp; &nbsp; &nbsp; &nbsp; &nbsp; &nbsp; &nbsp; &nbsp; &nbsp; &nbsp; &nbsp; &nbsp; &nbsp; &nbsp; &nbsp; &nbsp; &nbsp;\u201eprofessional&nbsp;member&nbsp;of&nbsp;EARTh\u201d<\/span><\/p>\n<p style=\"padding-left: 30px;\"><span style=\"color: #000080;\">&nbsp; &nbsp; &nbsp; &nbsp; &nbsp; &nbsp; &nbsp; &nbsp; &nbsp; &nbsp; &nbsp; &nbsp; &nbsp; &nbsp; &nbsp; &nbsp; &nbsp; &nbsp; &nbsp; &nbsp; &nbsp; &nbsp; &nbsp; &nbsp; &nbsp; &nbsp; &nbsp; &nbsp; &nbsp;professionelles Mitglied d. Europ\u00e4ischen&nbsp;Verbandes der<\/span><\/p>\n<p style=\"padding-left: 210px;\"><span style=\"color: #000080;\">&nbsp;R\u00fcckf\u00fchrungs&nbsp;und&nbsp;Reinkarnationstherapeuten<\/span><\/p>\n<p><span style=\"color: #000080;\">2001 \u2013 2003: &nbsp; &nbsp; &nbsp; &nbsp; &nbsp; &nbsp; &nbsp; &nbsp; &nbsp; &nbsp; &nbsp; &nbsp; &nbsp; &nbsp; &nbsp; &nbsp; &nbsp; &nbsp; &nbsp; &nbsp; Mitglied in einen Medialen Arbeitskreis<\/span><\/p>\n<p><span style=\"color: #000080;\">&nbsp;<\/span><\/p>\n","protected":false},"excerpt":{"rendered":"<p>Im Jahr 1998 wurde ich durch bestimmte Lebensumst\u00e4nde an Reiki gef\u00fchrt, und erkannte, dass Reiki und die Spiritualit\u00e4t mein Leben ver\u00e4ndert haben.&nbsp; Das es immer mein Traum war,&nbsp;mit H\u00e4nden heilen zu k\u00f6nnen, war Reiki&nbsp; f\u00fcr mich das Beste um als Kanal dienen zu d\u00fcrfen und den Menschen zu helfen. Seit 1998 nahm ich an folgenden [&hellip;]<\/p>\n","protected":false},"author":1,"featured_media":0,"parent":0,"menu_order":0,"comment_status":"closed","ping_status":"open","template":"","meta":{"ngg_post_thumbnail":0},"_links":{"self":[{"href":"https:\/\/spirituelle-lebensschule.com\/index.php?rest_route=\/wp\/v2\/pages\/31"}],"collection":[{"href":"https:\/\/spirituelle-lebensschule.com\/index.php?rest_route=\/wp\/v2\/pages"}],"about":[{"href":"https:\/\/spirituelle-lebensschule.com\/index.php?rest_route=\/wp\/v2\/types\/page"}],"author":[{"embeddable":true,"href":"https:\/\/spirituelle-lebensschule.com\/index.php?rest_route=\/wp\/v2\/users\/1"}],"replies":[{"embeddable":true,"href":"https:\/\/spirituelle-lebensschule.com\/index.php?rest_route=%2Fwp%2Fv2%2Fcomments&post=31"}],"version-history":[{"count":12,"href":"https:\/\/spirituelle-lebensschule.com\/index.php?rest_route=\/wp\/v2\/pages\/31\/revisions"}],"predecessor-version":[{"id":6957,"href":"https:\/\/spirituelle-lebensschule.com\/index.php?rest_route=\/wp\/v2\/pages\/31\/revisions\/6957"}],"wp:attachment":[{"href":"https:\/\/spirituelle-lebensschule.com\/index.php?rest_route=%2Fwp%2Fv2%2Fmedia&parent=31"}],"curies":[{"name":"wp","href":"https:\/\/api.w.org\/{rel}","templated":true}]}}