{"id":33,"date":"2014-09-08T09:37:20","date_gmt":"2014-09-08T09:37:20","guid":{"rendered":"http:\/\/spirituelle-lebensschule.com\/?page_id=33"},"modified":"2020-03-08T17:07:51","modified_gmt":"2020-03-08T16:07:51","slug":"seminare-workshops-einzelsitzungen","status":"publish","type":"page","link":"https:\/\/spirituelle-lebensschule.com\/?page_id=33","title":{"rendered":"Seminare, Workshops &#038; Einzelsitzungen"},"content":{"rendered":"<h3><span style=\"color: #000080;\">Seminare:<\/span><\/h3>\n<p><span style=\"color: #000080;\">Reiki:&nbsp;1. Grad, 2. Grad, 3. Grad<\/span><\/p>\n<p><span style=\"color: #000080;\">und&nbsp; Reiki &#8211; Lehrer &#8211;&nbsp; Grad.<\/span><\/p>\n<p><span style=\"color: #000080;\">&nbsp;<\/span><\/p>\n<h3><span style=\"color: #000080;\"><em>Tages Workshops:<\/em><\/span><\/h3>\n<p><span style=\"color: #000080;\">&nbsp;&nbsp;&nbsp;&nbsp;&nbsp;&nbsp;&nbsp;&nbsp;&nbsp;&nbsp;&nbsp;&nbsp;&nbsp;&nbsp;&nbsp;&nbsp;&nbsp;&nbsp;&nbsp;&nbsp;&nbsp;&nbsp;&nbsp;&nbsp;&nbsp;&nbsp;&nbsp;&nbsp;&nbsp;&nbsp;&nbsp;&nbsp;&nbsp;&nbsp;&nbsp;&nbsp;&nbsp;&nbsp;&nbsp;&nbsp;&nbsp;&nbsp;&nbsp;&nbsp;&nbsp;&nbsp;&nbsp;&nbsp;&nbsp;&nbsp;&nbsp;&nbsp;&nbsp;&nbsp;&nbsp;&nbsp;&nbsp;&nbsp;&nbsp;&nbsp;&nbsp;&nbsp;&nbsp;&nbsp;&nbsp;&nbsp;&nbsp;&nbsp;&nbsp;&nbsp;&nbsp;&nbsp;&nbsp;&nbsp;&nbsp;&nbsp;&nbsp;&nbsp;&nbsp;&nbsp;&nbsp;&nbsp;&nbsp;&nbsp;&nbsp;&nbsp;&nbsp;<\/span><\/p>\n<p><span style=\"color: #000080;\"><a style=\"color: #000080;\" href=\"http:\/\/spirituelle-lebensschule.com\/wp-content\/uploads\/2014\/09\/himmel_1.jpg\"><img loading=\"lazy\" class=\"alignnone wp-image-104\" src=\"http:\/\/spirituelle-lebensschule.com\/wp-content\/uploads\/2014\/09\/himmel_1.jpg\" alt=\"himmel_1\" width=\"555\" height=\"370\"><\/a><\/span><\/p>\n<p><span style=\"color: #000080;\">&nbsp;Engelenergien&nbsp;<\/span><\/p>\n<p><span style=\"color: #000080;\">Sterbebegleitung<\/span><\/p>\n<p><span style=\"color: #000080;\">Meditationen<\/span><\/p>\n<p><span style=\"color: #000080;\">&nbsp;<\/span><\/p>\n<h3><span style=\"color: #000080;\"><em>Einzel&nbsp;Sitzungen:<\/em><\/span><\/h3>\n<p><span style=\"color: #000080;\">Reiki ( Selbstheilungskr\u00e4fte aktivieren )<\/span><\/p>\n<p><span style=\"color: #000080;\">Reinkarnationstherapie &nbsp;=&nbsp;&nbsp; R\u00fcckf\u00fchrung in fr\u00fchere Leben, Heilung des inneren Kindes, w\u00e4hrend&nbsp;der Schwangerschaft und die Geburt,<\/span><\/p>\n<p><span style=\"color: #000080;\">Sterbebegleitung,<\/span><\/p>\n<p><span style=\"color: #000080;\">Fernheilung,<\/span><\/p>\n<p><span style=\"color: #333399;\">Energetische Trennungen&nbsp; (Befreiung von Bindung und Abh\u00e4ngigkeit) und<\/span><\/p>\n<p><span style=\"color: #000080;\">Energetische Wirbels\u00e4ulenbehandlung<\/span><\/p>\n<p><span style=\"color: #000080;\">Besprechung von G\u00fcrtelrose<\/span><\/p>\n<h2><strong><span style=\"color: #000080;\">Raumharmonisierung =<\/span><\/strong><\/h2>\n<h2><strong><span style=\"color: #000080;\">( Energetische Raum und Haus Reinigung )<\/span><\/strong><\/h2>\n<p><span style=\"color: #000080;\"><strong>Jenseitskontakt &#8211; Medium<\/strong><\/span><\/p>\n<h2><strong><span style=\"color: #000080;\">L\u00f6sen von Blockkaden&nbsp; (Besetzung, Umlagerung und Fl\u00fcchen)<\/span><\/strong><\/h2>\n<h4><span style=\"color: #000080;\">Wellnessmassage<\/span><\/h4>\n<h4><span style=\"color: #000080;\">Fu\u00dfrefexzonen Massage<\/span><\/h4>\n<p><span style=\"color: #000080;\">&nbsp;&nbsp; &nbsp; &nbsp; &nbsp; &nbsp; &nbsp; &nbsp; &nbsp; &nbsp; &nbsp; &nbsp; &nbsp; &nbsp; &nbsp; &nbsp; &nbsp; &nbsp; &nbsp; &nbsp; &nbsp; &nbsp; &nbsp; &nbsp;&nbsp; &nbsp;&nbsp;&nbsp;&nbsp;&nbsp;&nbsp;&nbsp;&nbsp;&nbsp;&nbsp;&nbsp; <\/span><\/p>\n<p><span style=\"color: #000080;\">&nbsp;<\/span><\/p>\n","protected":false},"excerpt":{"rendered":"<p>Seminare: Reiki:&nbsp;1. Grad, 2. Grad, 3. Grad und&nbsp; Reiki &#8211; Lehrer &#8211;&nbsp; Grad. &nbsp; Tages Workshops: &nbsp;&nbsp;&nbsp;&nbsp;&nbsp;&nbsp;&nbsp;&nbsp;&nbsp;&nbsp;&nbsp;&nbsp;&nbsp;&nbsp;&nbsp;&nbsp;&nbsp;&nbsp;&nbsp;&nbsp;&nbsp;&nbsp;&nbsp;&nbsp;&nbsp;&nbsp;&nbsp;&nbsp;&nbsp;&nbsp;&nbsp;&nbsp;&nbsp;&nbsp;&nbsp;&nbsp;&nbsp;&nbsp;&nbsp;&nbsp;&nbsp;&nbsp;&nbsp;&nbsp;&nbsp;&nbsp;&nbsp;&nbsp;&nbsp;&nbsp;&nbsp;&nbsp;&nbsp;&nbsp;&nbsp;&nbsp;&nbsp;&nbsp;&nbsp;&nbsp;&nbsp;&nbsp;&nbsp;&nbsp;&nbsp;&nbsp;&nbsp;&nbsp;&nbsp;&nbsp;&nbsp;&nbsp;&nbsp;&nbsp;&nbsp;&nbsp;&nbsp;&nbsp;&nbsp;&nbsp;&nbsp;&nbsp;&nbsp;&nbsp;&nbsp;&nbsp;&nbsp; &nbsp;Engelenergien&nbsp; Sterbebegleitung Meditationen &nbsp; Einzel&nbsp;Sitzungen: Reiki ( Selbstheilungskr\u00e4fte aktivieren ) Reinkarnationstherapie &nbsp;=&nbsp;&nbsp; R\u00fcckf\u00fchrung in fr\u00fchere Leben, Heilung des inneren Kindes, w\u00e4hrend&nbsp;der Schwangerschaft und die Geburt, Sterbebegleitung, Fernheilung, Energetische Trennungen&nbsp; (Befreiung von Bindung und Abh\u00e4ngigkeit) und Energetische Wirbels\u00e4ulenbehandlung Besprechung [&hellip;]<\/p>\n","protected":false},"author":1,"featured_media":0,"parent":0,"menu_order":0,"comment_status":"closed","ping_status":"open","template":"","meta":{"ngg_post_thumbnail":0},"_links":{"self":[{"href":"https:\/\/spirituelle-lebensschule.com\/index.php?rest_route=\/wp\/v2\/pages\/33"}],"collection":[{"href":"https:\/\/spirituelle-lebensschule.com\/index.php?rest_route=\/wp\/v2\/pages"}],"about":[{"href":"https:\/\/spirituelle-lebensschule.com\/index.php?rest_route=\/wp\/v2\/types\/page"}],"author":[{"embeddable":true,"href":"https:\/\/spirituelle-lebensschule.com\/index.php?rest_route=\/wp\/v2\/users\/1"}],"replies":[{"embeddable":true,"href":"https:\/\/spirituelle-lebensschule.com\/index.php?rest_route=%2Fwp%2Fv2%2Fcomments&post=33"}],"version-history":[{"count":17,"href":"https:\/\/spirituelle-lebensschule.com\/index.php?rest_route=\/wp\/v2\/pages\/33\/revisions"}],"predecessor-version":[{"id":267,"href":"https:\/\/spirituelle-lebensschule.com\/index.php?rest_route=\/wp\/v2\/pages\/33\/revisions\/267"}],"wp:attachment":[{"href":"https:\/\/spirituelle-lebensschule.com\/index.php?rest_route=%2Fwp%2Fv2%2Fmedia&parent=33"}],"curies":[{"name":"wp","href":"https:\/\/api.w.org\/{rel}","templated":true}]}}