{"id":37,"date":"2014-09-08T09:37:59","date_gmt":"2014-09-08T09:37:59","guid":{"rendered":"http:\/\/spirituelle-lebensschule.com\/?page_id=37"},"modified":"2014-09-12T20:59:22","modified_gmt":"2014-09-12T18:59:22","slug":"sterbebegleitung","status":"publish","type":"page","link":"https:\/\/spirituelle-lebensschule.com\/?page_id=37","title":{"rendered":"Sterbebegleitung"},"content":{"rendered":"<p><span style=\"color: #000080;\"><a href=\"http:\/\/spirituelle-lebensschule.com\/wp-content\/uploads\/2014\/09\/1469917_769731193042581_2000962338_n1.jpg\"><img loading=\"lazy\" class=\"alignnone  wp-image-102\" src=\"http:\/\/spirituelle-lebensschule.com\/wp-content\/uploads\/2014\/09\/1469917_769731193042581_2000962338_n1.jpg\" alt=\"1469917_769731193042581_2000962338_n\" width=\"434\" height=\"541\" srcset=\"https:\/\/spirituelle-lebensschule.com\/wp-content\/uploads\/2014\/09\/1469917_769731193042581_2000962338_n1.jpg 506w, https:\/\/spirituelle-lebensschule.com\/wp-content\/uploads\/2014\/09\/1469917_769731193042581_2000962338_n1-240x300.jpg 240w\" sizes=\"(max-width: 434px) 100vw, 434px\" \/><\/a><\/span><\/p>\n<p><span style=\"color: #000080;\">Was ist Sterbebegleitung??????<\/span><br \/>\n<span style=\"color: #000080;\"> Der Tod, ist f\u00fcr viele Menschen ein Tabuthema. Dabei geh\u00f6ren geboren werden und sterben zusammen. Es ist eins. Denn wenn ein Mensch stirbt, wird er f\u00fcr die geistige Welt geboren, um sich auf das n\u00e4chste Leben wieder vorzubereiten.<\/span><br \/>\n<span style=\"color: #000080;\"> Ich pl\u00e4diere daf\u00fcr, sich rechtzeitig mit dem Sterben eines geliebten Angeh\u00f6rigen oder Freund auseinanderzusetzen. Humor, Lachen und Singen kann mit dazugeh\u00f6ren.<\/span><br \/>\n<span style=\"color: #000080;\"> Den Sterbenden die Angst vom Sterben zu nehmen, und den Sterbenden in Frieden gehen lassen.<\/span><\/p>\n<p>&nbsp;<\/p>\n","protected":false},"excerpt":{"rendered":"<p>Was ist Sterbebegleitung?????? Der Tod, ist f\u00fcr viele Menschen ein Tabuthema. Dabei geh\u00f6ren geboren werden und sterben zusammen. Es ist eins. Denn wenn ein Mensch stirbt, wird er f\u00fcr die geistige Welt geboren, um sich auf das n\u00e4chste Leben wieder vorzubereiten. Ich pl\u00e4diere daf\u00fcr, sich rechtzeitig mit dem Sterben eines geliebten Angeh\u00f6rigen oder Freund auseinanderzusetzen. [&hellip;]<\/p>\n","protected":false},"author":1,"featured_media":0,"parent":0,"menu_order":0,"comment_status":"closed","ping_status":"open","template":"","meta":{"ngg_post_thumbnail":0},"_links":{"self":[{"href":"https:\/\/spirituelle-lebensschule.com\/index.php?rest_route=\/wp\/v2\/pages\/37"}],"collection":[{"href":"https:\/\/spirituelle-lebensschule.com\/index.php?rest_route=\/wp\/v2\/pages"}],"about":[{"href":"https:\/\/spirituelle-lebensschule.com\/index.php?rest_route=\/wp\/v2\/types\/page"}],"author":[{"embeddable":true,"href":"https:\/\/spirituelle-lebensschule.com\/index.php?rest_route=\/wp\/v2\/users\/1"}],"replies":[{"embeddable":true,"href":"https:\/\/spirituelle-lebensschule.com\/index.php?rest_route=%2Fwp%2Fv2%2Fcomments&post=37"}],"version-history":[{"count":8,"href":"https:\/\/spirituelle-lebensschule.com\/index.php?rest_route=\/wp\/v2\/pages\/37\/revisions"}],"predecessor-version":[{"id":131,"href":"https:\/\/spirituelle-lebensschule.com\/index.php?rest_route=\/wp\/v2\/pages\/37\/revisions\/131"}],"wp:attachment":[{"href":"https:\/\/spirituelle-lebensschule.com\/index.php?rest_route=%2Fwp%2Fv2%2Fmedia&parent=37"}],"curies":[{"name":"wp","href":"https:\/\/api.w.org\/{rel}","templated":true}]}}